{"id":7520,"date":"2017-08-24T19:09:35","date_gmt":"2017-08-24T23:09:35","guid":{"rendered":"https:\/\/www.lecolloque.com\/contact-us\/"},"modified":"2026-03-23T14:18:16","modified_gmt":"2026-03-23T18:18:16","slug":"contact-us","status":"publish","type":"page","link":"https:\/\/www.lecolloque.com\/en\/contact-us\/","title":{"rendered":"Contact us"},"content":{"rendered":"\n<div class=\"wp-block-group has-transparent-background-color has-background is-layout-constrained wp-container-core-group-is-layout-2ca00496 wp-block-group-is-layout-constrained\" style=\"padding-top:var(--wp--preset--spacing--60);padding-right:var(--wp--preset--spacing--60);padding-bottom:var(--wp--preset--spacing--60);padding-left:var(--wp--preset--spacing--60)\">\n<div class=\"wp-block-columns is-layout-flex wp-container-core-columns-is-layout-9d6595d7 wp-block-columns-is-layout-flex\">\n<div class=\"wp-block-column is-layout-flow wp-block-column-is-layout-flow\">\n<p><a href=\"mailto:infotreaq@fcssq.quebec\">infotreaq@fcssq.quebec<\/a><\/p>\n\n\n\n<p style=\"line-height:0.5\">1001 B\u00e9gon Avenue<\/p>\n\n\n\n<p style=\"line-height:0.5\">Qu\u00e9bec (Qu\u00e9bec) G1X 3M4<\/p>\n\n\n\n<figure class=\"wp-block-image size-full is-resized\"><a href=\"https:\/\/www.treaq.ca\/\"><img loading=\"lazy\" decoding=\"async\" width=\"260\" height=\"188\" src=\"https:\/\/www.lecolloque.com\/app\/uploads\/2024\/02\/image-8.png\" alt=\"\" class=\"wp-image-6986\" style=\"aspect-ratio:1.3830936746737594;width:260px;height:auto\"\/><\/a><\/figure>\n<\/div>\n\n\n\n<div class=\"wp-block-column is-layout-flow wp-block-column-is-layout-flow\">\n<p><a href=\"mailto:info@aqcs.ca\">info@aqcs.ca<\/a><\/p>\n\n\n\n<p style=\"line-height:0.5\">5600 des Galeries Boulevard, Suite 610<\/p>\n\n\n\n<p style=\"line-height:0.5\">Qu\u00e9bec (Qu\u00e9bec) G2K 2H6<\/p>\n\n\n\n<figure class=\"wp-block-image size-large is-resized\"><a href=\"https:\/\/www.aqcs.ca\/\"><img loading=\"lazy\" decoding=\"async\" width=\"1024\" height=\"608\" src=\"https:\/\/www.lecolloque.com\/app\/uploads\/2026\/03\/AQCS-Logo-Coul-RVB-1024x608.jpg\" alt=\"AQCS\" class=\"wp-image-7516\" style=\"aspect-ratio:1.6843856276800238;width:219px;height:auto\" srcset=\"https:\/\/www.lecolloque.com\/app\/uploads\/2026\/03\/AQCS-Logo-Coul-RVB-1024x608.jpg 1024w, https:\/\/www.lecolloque.com\/app\/uploads\/2026\/03\/AQCS-Logo-Coul-RVB-300x178.jpg 300w, https:\/\/www.lecolloque.com\/app\/uploads\/2026\/03\/AQCS-Logo-Coul-RVB-768x456.jpg 768w, https:\/\/www.lecolloque.com\/app\/uploads\/2026\/03\/AQCS-Logo-Coul-RVB-1536x913.jpg 1536w, https:\/\/www.lecolloque.com\/app\/uploads\/2026\/03\/AQCS-Logo-Coul-RVB-2048x1217.jpg 2048w\" sizes=\"auto, (max-width: 1024px) 100vw, 1024px\" \/><\/a><\/figure>\n<\/div>\n<\/div>\n<\/div>\n\n<div class=\"wp-block-group is-layout-constrained wp-container-core-group-is-layout-2ca00496 wp-block-group-is-layout-constrained\" style=\"padding-top:var(--wp--preset--spacing--60);padding-right:var(--wp--preset--spacing--60);padding-bottom:var(--wp--preset--spacing--60);padding-left:var(--wp--preset--spacing--60)\"><\/div>\n","protected":false},"excerpt":{"rendered":"<p>infotreaq@fcssq.quebec 1001 B\u00e9gon Avenue Qu\u00e9bec (Qu\u00e9bec) G1X 3M4 info@aqcs.ca 5600 des Galeries Boulevard, Suite 610 Qu\u00e9bec (Qu\u00e9bec) G2K 2H6<\/p>\n","protected":false},"author":4,"featured_media":0,"parent":0,"menu_order":0,"comment_status":"closed","ping_status":"closed","template":"","meta":{"footnotes":""},"class_list":["post-7520","page","type-page","status-publish","hentry"],"acf":[],"_links":{"self":[{"href":"https:\/\/www.lecolloque.com\/en\/wp-json\/wp\/v2\/pages\/7520","targetHints":{"allow":["GET"]}}],"collection":[{"href":"https:\/\/www.lecolloque.com\/en\/wp-json\/wp\/v2\/pages"}],"about":[{"href":"https:\/\/www.lecolloque.com\/en\/wp-json\/wp\/v2\/types\/page"}],"author":[{"embeddable":true,"href":"https:\/\/www.lecolloque.com\/en\/wp-json\/wp\/v2\/users\/4"}],"replies":[{"embeddable":true,"href":"https:\/\/www.lecolloque.com\/en\/wp-json\/wp\/v2\/comments?post=7520"}],"version-history":[{"count":3,"href":"https:\/\/www.lecolloque.com\/en\/wp-json\/wp\/v2\/pages\/7520\/revisions"}],"predecessor-version":[{"id":7527,"href":"https:\/\/www.lecolloque.com\/en\/wp-json\/wp\/v2\/pages\/7520\/revisions\/7527"}],"wp:attachment":[{"href":"https:\/\/www.lecolloque.com\/en\/wp-json\/wp\/v2\/media?parent=7520"}],"curies":[{"name":"wp","href":"https:\/\/api.w.org\/{rel}","templated":true}]}}