{"id":7531,"date":"2017-09-27T15:22:09","date_gmt":"2017-09-27T19:22:09","guid":{"rendered":"https:\/\/www.lecolloque.com\/home\/"},"modified":"2026-04-30T18:53:58","modified_gmt":"2026-04-30T22:53:58","slug":"home","status":"publish","type":"page","link":"https:\/\/www.lecolloque.com\/en\/","title":{"rendered":"Home"},"content":{"rendered":"\n<div class=\"wp-block-group is-layout-constrained wp-block-group-is-layout-constrained\" style=\"margin-top:var(--wp--preset--spacing--60);margin-bottom:var(--wp--preset--spacing--60)\">\n<h2 class=\"wp-block-heading has-tertiary-color has-text-color\" style=\"margin-top:var(--wp--preset--spacing--60);margin-right:var(--wp--preset--spacing--60);margin-bottom:var(--wp--preset--spacing--60);margin-left:var(--wp--preset--spacing--60)\">WELCOME!  <\/h2>\n\n\n\n<p>On May 27, 2026, don&#8217;t miss <strong>L&#8217;\u00c9v\u00e9nement 2026<\/strong>, the professional development and networking event for managers and professional staff in the vocational training, adult education, continuing education and business services networks!<\/p>\n\n\n\n<p>This unprecedented joint program brings together two flagship events: LE Colloque and the Journ\u00e9e nationale des services aux entreprises (JNSAE), originally scheduled for May 27-29, 2026.  <\/p>\n\n\n\n<p>Under the theme of &#8221; <strong>Reflecting, acting and succeeding together<\/strong> &#8220;, participants will examine their shared practices and challenges, to identify courses of action that will have a lasting impact. This inspiring theme engages us in a dynamic of co-construction. That&#8217;s why the workshops will focus on the strength of our synergy and our collective will to contribute to educational success.<\/p>\n\n\n\n<p>This co-modal (face-to-face and virtual) event is organized by :<\/p>\n\n\n\n<ul class=\"wp-block-list\">\n<li>F\u00e9d\u00e9ration des centers de services scolaires du Qu\u00e9bec (FCSSQ) | Table des responsables de l&#8217;\u00e9ducation des adultes du Qu\u00e9bec (TR\u00c9AQ) | Formation Qu\u00e9bec en r\u00e9seau (FQR)<\/li>\n\n\n\n<li>The Commission professionnelle de la formation g\u00e9n\u00e9rale, professionnelle et aux entreprises (CPFGPE) of the Association qu\u00e9b\u00e9coise des cadres scolaires (AQCS)<\/li>\n<\/ul>\n<\/div>\n\n<div class=\"wp-block-group is-layout-constrained wp-block-group-is-layout-constrained\">\n<h3 class=\"wp-block-heading\" style=\"margin-top:var(--wp--preset--spacing--60);margin-right:var(--wp--preset--spacing--60);margin-bottom:var(--wp--preset--spacing--60);margin-left:var(--wp--preset--spacing--60)\">We would like to thank our financial partners:<\/h3>\n<\/div>\n\n<div class=\"wp-block-group is-layout-constrained wp-block-group-is-layout-constrained\">\n<div class=\"wp-block-columns is-layout-flex wp-container-core-columns-is-layout-9d6595d7 wp-block-columns-is-layout-flex\">\n<div class=\"wp-block-column is-vertically-aligned-center is-layout-flow wp-block-column-is-layout-flow\">\n<figure class=\"wp-block-image aligncenter size-large\"><a href=\"https:\/\/www.cemeq.qc.ca\/\" target=\"_blank\" rel=\"noopener noreferrer\"><img loading=\"lazy\" decoding=\"async\" width=\"1024\" height=\"887\" src=\"https:\/\/www.lecolloque.com\/app\/uploads\/2026\/03\/Logo_Cemeq_long_couleur_ver.2-1024x887.png\" alt=\"\" class=\"wp-image-7351\" srcset=\"https:\/\/www.lecolloque.com\/app\/uploads\/2026\/03\/Logo_Cemeq_long_couleur_ver.2-1024x887.png 1024w, https:\/\/www.lecolloque.com\/app\/uploads\/2026\/03\/Logo_Cemeq_long_couleur_ver.2-300x260.png 300w, https:\/\/www.lecolloque.com\/app\/uploads\/2026\/03\/Logo_Cemeq_long_couleur_ver.2-768x665.png 768w, https:\/\/www.lecolloque.com\/app\/uploads\/2026\/03\/Logo_Cemeq_long_couleur_ver.2.png 1181w\" sizes=\"auto, (max-width: 1024px) 100vw, 1024px\" \/><\/a><\/figure>\n<\/div>\n\n\n\n<div class=\"wp-block-column is-layout-flow wp-block-column-is-layout-flow\">\n<figure class=\"wp-block-image aligncenter size-large\"><a href=\"https:\/\/sofad.qc.ca\/\" target=\"_blank\" rel=\"noopener noreferrer\"><img loading=\"lazy\" decoding=\"async\" width=\"1024\" height=\"1024\" src=\"https:\/\/www.lecolloque.com\/app\/uploads\/2026\/03\/Logo-SOFAD30-RGB-V2-1024x1024.png\" alt=\"\" class=\"wp-image-7464\" srcset=\"https:\/\/www.lecolloque.com\/app\/uploads\/2026\/03\/Logo-SOFAD30-RGB-V2-1024x1024.png 1024w, https:\/\/www.lecolloque.com\/app\/uploads\/2026\/03\/Logo-SOFAD30-RGB-V2-300x300.png 300w, https:\/\/www.lecolloque.com\/app\/uploads\/2026\/03\/Logo-SOFAD30-RGB-V2-150x150.png 150w, https:\/\/www.lecolloque.com\/app\/uploads\/2026\/03\/Logo-SOFAD30-RGB-V2-768x768.png 768w, https:\/\/www.lecolloque.com\/app\/uploads\/2026\/03\/Logo-SOFAD30-RGB-V2-1536x1536.png 1536w, https:\/\/www.lecolloque.com\/app\/uploads\/2026\/03\/Logo-SOFAD30-RGB-V2.png 2000w\" sizes=\"auto, (max-width: 1024px) 100vw, 1024px\" \/><\/a><\/figure>\n<\/div>\n\n\n\n<div class=\"wp-block-column is-vertically-aligned-center is-layout-flow wp-block-column-is-layout-flow\">\n<figure class=\"wp-block-image aligncenter size-full\"><a href=\"https:\/\/www.cpmt.gouv.qc.ca\/\" target=\"_blank\" rel=\"noopener noreferrer\"><img loading=\"lazy\" decoding=\"async\" width=\"332\" height=\"147\" src=\"http:\/\/lecolloque.goimago.com\/app\/uploads\/2023\/03\/logos_partenaires_quebec-1.webp\" alt=\"\" class=\"wp-image-6242\" srcset=\"https:\/\/www.lecolloque.com\/app\/uploads\/2023\/03\/logos_partenaires_quebec-1.webp 332w, https:\/\/www.lecolloque.com\/app\/uploads\/2023\/03\/logos_partenaires_quebec-1-300x133.webp 300w\" sizes=\"auto, (max-width: 332px) 100vw, 332px\" \/><\/a><\/figure>\n<\/div>\n\n\n\n<div class=\"wp-block-column is-vertically-aligned-center is-layout-flow wp-block-column-is-layout-flow\">\n<figure class=\"wp-block-image size-large\"><a href=\"https:\/\/www.teluq.ca\/\" target=\"_blank\" rel=\"noopener noreferrer\"><img loading=\"lazy\" decoding=\"async\" width=\"1024\" height=\"546\" src=\"https:\/\/www.lecolloque.com\/app\/uploads\/2026\/04\/TELUQ-1024x546.jpg\" alt=\"\" class=\"wp-image-7606\" srcset=\"https:\/\/www.lecolloque.com\/app\/uploads\/2026\/04\/TELUQ-1024x546.jpg 1024w, https:\/\/www.lecolloque.com\/app\/uploads\/2026\/04\/TELUQ-300x160.jpg 300w, https:\/\/www.lecolloque.com\/app\/uploads\/2026\/04\/TELUQ-768x410.jpg 768w, https:\/\/www.lecolloque.com\/app\/uploads\/2026\/04\/TELUQ-1536x819.jpg 1536w, https:\/\/www.lecolloque.com\/app\/uploads\/2026\/04\/TELUQ.jpg 1952w\" sizes=\"auto, (max-width: 1024px) 100vw, 1024px\" \/><\/a><\/figure>\n<\/div>\n\n\n\n<div class=\"wp-block-column is-vertically-aligned-center is-layout-flow wp-block-column-is-layout-flow\">\n<figure class=\"wp-block-image aligncenter size-full\"><a href=\"https:\/\/cpcg.quebec\/\" target=\"_blank\" rel=\"noopener noreferrer\"><img loading=\"lazy\" decoding=\"async\" width=\"300\" height=\"240\" src=\"http:\/\/lecolloque.goimago.com\/app\/uploads\/2021\/12\/cpcg-e1639602631457.png\" alt=\"\" class=\"wp-image-5486\" srcset=\"https:\/\/www.lecolloque.com\/app\/uploads\/2021\/12\/cpcg-e1639602631457.png 300w, https:\/\/www.lecolloque.com\/app\/uploads\/2021\/12\/cpcg-e1639602631457-100x80.png 100w\" sizes=\"auto, (max-width: 300px) 100vw, 300px\" \/><\/a><\/figure>\n<\/div>\n<\/div>\n<\/div>\n\n<p><\/p>\n","protected":false},"excerpt":{"rendered":"<p>WELCOME! On May 27, 2026, don&#8217;t miss L&#8217;\u00c9v\u00e9nement 2026, the professional development and networking event for managers and professional staff in the vocational training, adult education, continuing education and business services networks! This unprecedented joint program brings together two flagship events: LE Colloque and the Journ\u00e9e nationale des services aux entreprises (JNSAE), originally scheduled for &hellip; <a href=\"https:\/\/www.lecolloque.com\/en\/\">Continued<\/a><\/p>\n","protected":false},"author":4,"featured_media":0,"parent":0,"menu_order":0,"comment_status":"closed","ping_status":"closed","template":"","meta":{"footnotes":""},"class_list":["post-7531","page","type-page","status-publish","hentry"],"acf":[],"_links":{"self":[{"href":"https:\/\/www.lecolloque.com\/en\/wp-json\/wp\/v2\/pages\/7531","targetHints":{"allow":["GET"]}}],"collection":[{"href":"https:\/\/www.lecolloque.com\/en\/wp-json\/wp\/v2\/pages"}],"about":[{"href":"https:\/\/www.lecolloque.com\/en\/wp-json\/wp\/v2\/types\/page"}],"author":[{"embeddable":true,"href":"https:\/\/www.lecolloque.com\/en\/wp-json\/wp\/v2\/users\/4"}],"replies":[{"embeddable":true,"href":"https:\/\/www.lecolloque.com\/en\/wp-json\/wp\/v2\/comments?post=7531"}],"version-history":[{"count":9,"href":"https:\/\/www.lecolloque.com\/en\/wp-json\/wp\/v2\/pages\/7531\/revisions"}],"predecessor-version":[{"id":7620,"href":"https:\/\/www.lecolloque.com\/en\/wp-json\/wp\/v2\/pages\/7531\/revisions\/7620"}],"wp:attachment":[{"href":"https:\/\/www.lecolloque.com\/en\/wp-json\/wp\/v2\/media?parent=7531"}],"curies":[{"name":"wp","href":"https:\/\/api.w.org\/{rel}","templated":true}]}}